{"id":1666,"date":"2022-04-25T12:30:37","date_gmt":"2022-04-25T10:30:37","guid":{"rendered":"https:\/\/www.lion-firesafety.com\/over-ons\/"},"modified":"2024-03-27T15:58:07","modified_gmt":"2024-03-27T14:58:07","slug":"ueber-uns","status":"publish","type":"page","link":"https:\/\/www.lion-firesafety.com\/de\/ueber-uns\/","title":{"rendered":"\u00dcber KMA"},"content":{"rendered":"\t\t<div data-elementor-type=\"wp-page\" data-elementor-id=\"1666\" class=\"elementor elementor-1666\">\n\t\t\t\t\t\t<section class=\"elementor-section elementor-top-section elementor-element elementor-element-4fafd1b rey-section-stretched rey-section-bg--classic elementor-section-boxed elementor-section-height-default elementor-section-height-default\" data-id=\"4fafd1b\" data-element_type=\"section\" data-settings=\"{&quot;background_background&quot;:&quot;classic&quot;}\">\n\t\t\t\t\t\t\t<div class=\"elementor-background-overlay\"><\/div>\n\t\t\t\t\t\t\t<div class=\"elementor-container elementor-column-gap-no\">\n\t\t\t\t\t<div class=\"elementor-column elementor-col-100 elementor-top-column elementor-element elementor-element-60214be\" data-id=\"60214be\" data-element_type=\"column\">\n\t\t\t<div class=\"elementor-column-wrap--60214be elementor-widget-wrap elementor-element-populated\">\n\t\t\t\t\t\t<div class=\"elementor-element elementor-element-f4ee93b elementor-widget elementor-widget-spacer\" data-id=\"f4ee93b\" data-element_type=\"widget\" data-widget_type=\"spacer.default\">\n\t\t\t\t<div class=\"elementor-widget-container\">\n\t\t\t\t\t\t\t<div class=\"elementor-spacer\">\n\t\t\t<div class=\"elementor-spacer-inner\"><\/div>\n\t\t<\/div>\n\t\t\t\t\t\t<\/div>\n\t\t\t\t<\/div>\n\t\t\t\t<div class=\"elementor-element elementor-element-e6244ee animated-slow elementor-invisible elementor-widget elementor-widget-heading\" data-id=\"e6244ee\" data-element_type=\"widget\" data-settings=\"{&quot;_animation&quot;:&quot;fadeIn&quot;}\" data-widget_type=\"heading.default\">\n\t\t\t\t<div class=\"elementor-widget-container\">\n\t\t\t\t\t<h1 class=\"elementor-heading-title elementor-size-default\">\u00dcBER LION FIRE SAFETY<\/h1>\t\t\t\t<\/div>\n\t\t\t\t<\/div>\n\t\t\t\t<div class=\"elementor-element elementor-element-69af9cf elementor-widget elementor-widget-spacer\" data-id=\"69af9cf\" data-element_type=\"widget\" data-widget_type=\"spacer.default\">\n\t\t\t\t<div class=\"elementor-widget-container\">\n\t\t\t\t\t\t\t<div class=\"elementor-spacer\">\n\t\t\t<div class=\"elementor-spacer-inner\"><\/div>\n\t\t<\/div>\n\t\t\t\t\t\t<\/div>\n\t\t\t\t<\/div>\n\t\t\t\t\t<\/div>\n\t\t<\/div>\n\t\t\t\t\t<\/div>\n\t\t<\/section>\n\t\t\t\t<section class=\"elementor-section elementor-top-section elementor-element elementor-element-92c3861 elementor-section-content-middle elementor-section-boxed elementor-section-height-default elementor-section-height-default\" data-id=\"92c3861\" data-element_type=\"section\">\n\t\t\t\t\t\t<div class=\"elementor-container elementor-column-gap-default\">\n\t\t\t\t\t<div class=\"elementor-column elementor-col-50 elementor-top-column elementor-element elementor-element-fa8e2a7\" data-id=\"fa8e2a7\" data-element_type=\"column\">\n\t\t\t<div class=\"elementor-column-wrap--fa8e2a7 elementor-widget-wrap elementor-element-populated\">\n\t\t\t\t\t\t<div class=\"elementor-element elementor-element-54e6fc7 elementor-widget elementor-widget-spacer\" data-id=\"54e6fc7\" data-element_type=\"widget\" data-widget_type=\"spacer.default\">\n\t\t\t\t<div class=\"elementor-widget-container\">\n\t\t\t\t\t\t\t<div class=\"elementor-spacer\">\n\t\t\t<div class=\"elementor-spacer-inner\"><\/div>\n\t\t<\/div>\n\t\t\t\t\t\t<\/div>\n\t\t\t\t<\/div>\n\t\t\t\t<div class=\"elementor-element elementor-element-0ca2f14 elementor-widget elementor-widget-heading\" data-id=\"0ca2f14\" data-element_type=\"widget\" data-widget_type=\"heading.default\">\n\t\t\t\t<div class=\"elementor-widget-container\">\n\t\t\t\t\t<h2 class=\"elementor-heading-title elementor-size-default\">Warum LION SAFE w\u00e4hlen?<\/h2>\t\t\t\t<\/div>\n\t\t\t\t<\/div>\n\t\t\t\t<div class=\"elementor-element elementor-element-49d02c2 elementor-widget elementor-widget-heading\" data-id=\"49d02c2\" data-element_type=\"widget\" data-widget_type=\"heading.default\">\n\t\t\t\t<div class=\"elementor-widget-container\">\n\t\t\t\t\t<p class=\"elementor-heading-title elementor-size-default\">LION FIRE SAFETY IS POWERED BY KMA GROUP B.V.<\/p>\t\t\t\t<\/div>\n\t\t\t\t<\/div>\n\t\t\t\t<div class=\"elementor-element elementor-element-7a28f47 elementor-widget elementor-widget-spacer\" data-id=\"7a28f47\" data-element_type=\"widget\" data-widget_type=\"spacer.default\">\n\t\t\t\t<div class=\"elementor-widget-container\">\n\t\t\t\t\t\t\t<div class=\"elementor-spacer\">\n\t\t\t<div class=\"elementor-spacer-inner\"><\/div>\n\t\t<\/div>\n\t\t\t\t\t\t<\/div>\n\t\t\t\t<\/div>\n\t\t\t\t\t<\/div>\n\t\t<\/div>\n\t\t\t\t<div class=\"elementor-column elementor-col-50 elementor-top-column elementor-element elementor-element-039db66\" data-id=\"039db66\" data-element_type=\"column\">\n\t\t\t<div class=\"elementor-column-wrap--039db66 elementor-widget-wrap elementor-element-populated\">\n\t\t\t\t\t\t<div class=\"elementor-element elementor-element-cf2bc56 elementor-widget elementor-widget-spacer\" data-id=\"cf2bc56\" data-element_type=\"widget\" data-widget_type=\"spacer.default\">\n\t\t\t\t<div class=\"elementor-widget-container\">\n\t\t\t\t\t\t\t<div class=\"elementor-spacer\">\n\t\t\t<div class=\"elementor-spacer-inner\"><\/div>\n\t\t<\/div>\n\t\t\t\t\t\t<\/div>\n\t\t\t\t<\/div>\n\t\t\t\t<div class=\"elementor-element elementor-element-b556b8f elementor-widget__width-auto elementor-icon-list--layout-traditional elementor-list-item-link-full_width elementor-widget elementor-widget-icon-list\" data-id=\"b556b8f\" data-element_type=\"widget\" data-widget_type=\"icon-list.default\">\n\t\t\t\t<div class=\"elementor-widget-container\">\n\t\t\t\t\t\t\t<ul class=\"elementor-icon-list-items\">\n\t\t\t\t\t\t\t<li class=\"elementor-icon-list-item\">\n\t\t\t\t\t\t\t\t\t\t\t<span class=\"elementor-icon-list-icon\">\n\t\t\t\t\t\t\t<i aria-hidden=\"true\" class=\"fas fa-check-circle\"><\/i>\t\t\t\t\t\t<\/span>\n\t\t\t\t\t\t\t\t\t\t<span class=\"elementor-icon-list-text\">Alle unsere Produkte sind gepr\u00fcft und zertifiziert (z. B. FAR 25.853)<\/span>\n\t\t\t\t\t\t\t\t\t<\/li>\n\t\t\t\t\t\t\t\t<li class=\"elementor-icon-list-item\">\n\t\t\t\t\t\t\t\t\t\t\t<span class=\"elementor-icon-list-icon\">\n\t\t\t\t\t\t\t<i aria-hidden=\"true\" class=\"fas fa-check-circle\"><\/i>\t\t\t\t\t\t<\/span>\n\t\t\t\t\t\t\t\t\t\t<span class=\"elementor-icon-list-text\">Seit 2017 im Brandschutz t\u00e4tig<\/span>\n\t\t\t\t\t\t\t\t\t<\/li>\n\t\t\t\t\t\t\t\t<li class=\"elementor-icon-list-item\">\n\t\t\t\t\t\t\t\t\t\t\t<span class=\"elementor-icon-list-icon\">\n\t\t\t\t\t\t\t<i aria-hidden=\"true\" class=\"fas fa-check-circle\"><\/i>\t\t\t\t\t\t<\/span>\n\t\t\t\t\t\t\t\t\t\t<span class=\"elementor-icon-list-text\">Produktentwicklung und -optimierung in eigener Produktion<\/span>\n\t\t\t\t\t\t\t\t\t<\/li>\n\t\t\t\t\t\t\t\t<li class=\"elementor-icon-list-item\">\n\t\t\t\t\t\t\t\t\t\t\t<span class=\"elementor-icon-list-icon\">\n\t\t\t\t\t\t\t<i aria-hidden=\"true\" class=\"fas fa-check-circle\"><\/i>\t\t\t\t\t\t<\/span>\n\t\t\t\t\t\t\t\t\t\t<span class=\"elementor-icon-list-text\">Schnelle Lieferung<\/span>\n\t\t\t\t\t\t\t\t\t<\/li>\n\t\t\t\t\t\t<\/ul>\n\t\t\t\t\t\t<\/div>\n\t\t\t\t<\/div>\n\t\t\t\t<div class=\"elementor-element elementor-element-0d0ba2e elementor-widget elementor-widget-spacer\" data-id=\"0d0ba2e\" data-element_type=\"widget\" data-widget_type=\"spacer.default\">\n\t\t\t\t<div class=\"elementor-widget-container\">\n\t\t\t\t\t\t\t<div class=\"elementor-spacer\">\n\t\t\t<div class=\"elementor-spacer-inner\"><\/div>\n\t\t<\/div>\n\t\t\t\t\t\t<\/div>\n\t\t\t\t<\/div>\n\t\t\t\t\t<\/div>\n\t\t<\/div>\n\t\t\t\t\t<\/div>\n\t\t<\/section>\n\t\t\t\t<section class=\"elementor-section elementor-top-section elementor-element elementor-element-5bc37a0 elementor-section-boxed elementor-section-height-default elementor-section-height-default\" data-id=\"5bc37a0\" data-element_type=\"section\">\n\t\t\t\t\t\t<div class=\"elementor-container elementor-column-gap-default\">\n\t\t\t\t\t<div class=\"elementor-column elementor-col-50 elementor-top-column elementor-element elementor-element-64691cf\" data-id=\"64691cf\" data-element_type=\"column\">\n\t\t\t<div class=\"elementor-column-wrap--64691cf elementor-widget-wrap elementor-element-populated\">\n\t\t\t\t\t\t<div class=\"elementor-element elementor-element-4c910ce elementor-widget elementor-widget-heading\" data-id=\"4c910ce\" data-element_type=\"widget\" data-widget_type=\"heading.default\">\n\t\t\t\t<div class=\"elementor-widget-container\">\n\t\t\t\t\t<h2 class=\"elementor-heading-title elementor-size-default\">Was machen wir?<\/h2>\t\t\t\t<\/div>\n\t\t\t\t<\/div>\n\t\t\t\t<div class=\"elementor-element elementor-element-4d219ac elementor-widget elementor-widget-text-editor\" data-id=\"4d219ac\" data-element_type=\"widget\" data-widget_type=\"text-editor.default\">\n\t\t\t\t<div class=\"elementor-widget-container\">\n\t\t\t\t\t\t\t\t\t<p>Unsere Aktivit\u00e4ten im Bereich Brandschutz begannen mit der Entwicklung eines speziellen Feuerl\u00f6schmittels f\u00fcr Lithiumbatterien, mittlerweile haben wir uns zu einem Spezialisten f\u00fcr Brandschutz entwickelt. Dank unserer Design-Thinking-Philosophie sind wir in der Lage, selbst brandsichere L\u00f6sungen zu produzieren. Diese werden ausgiebig getestet, um die Qualit\u00e4t sicherzustellen. So bieten wir immer die besten brandsicheren L\u00f6sungen!<\/p><p>Wir konzentrieren uns auf alle Aspekte des Brandschutzes, von der Pr\u00e4vention bis zur aktiven Bek\u00e4mpfung. Wir wissen, dass der Brandschutz in allen Bereichen von entscheidender Bedeutung ist. Deshalb bieten wir umfassende Pr\u00e4ventionsma\u00dfnahmen zur Minimierung von Brandrisiken an.<\/p><p>Dar\u00fcber hinaus erforschen und implementieren wir st\u00e4ndig neue Technologien, die zu einer sichereren Umwelt beitragen k\u00f6nnen. Unser Expertenteam ist stets bereit, innovative L\u00f6sungen anzubieten, die den spezifischen Bed\u00fcrfnissen unserer Kunden gerecht werden.<\/p><p>Bei Lion Fire Safety glauben wir an eine brandsichere Zukunft. Wir sind bestrebt, mit Ihnen zusammenzuarbeiten, um sichere Umgebungen zu schaffen, in denen sich Menschen und Technologie ohne Brandgefahr entfalten k\u00f6nnen!<\/p>\t\t\t\t\t\t\t\t<\/div>\n\t\t\t\t<\/div>\n\t\t\t\t<div class=\"elementor-element elementor-element-b0bab76 elementor-widget elementor-widget-spacer\" data-id=\"b0bab76\" data-element_type=\"widget\" data-widget_type=\"spacer.default\">\n\t\t\t\t<div class=\"elementor-widget-container\">\n\t\t\t\t\t\t\t<div class=\"elementor-spacer\">\n\t\t\t<div class=\"elementor-spacer-inner\"><\/div>\n\t\t<\/div>\n\t\t\t\t\t\t<\/div>\n\t\t\t\t<\/div>\n\t\t\t\t\t<\/div>\n\t\t<\/div>\n\t\t\t\t<div class=\"elementor-column elementor-col-50 elementor-top-column elementor-element elementor-element-b3c4e89\" data-id=\"b3c4e89\" data-element_type=\"column\">\n\t\t\t<div class=\"elementor-column-wrap--b3c4e89 elementor-widget-wrap elementor-element-populated\">\n\t\t\t\t\t\t<div class=\"elementor-element elementor-element-3a8ec27 gallery-cols--2 gallery-spacing-custom elementor-widget elementor-widget-image-gallery\" data-id=\"3a8ec27\" data-element_type=\"widget\" data-widget_type=\"image-gallery.default\">\n\t\t\t\t<div class=\"elementor-widget-container\">\n\t\t\t\t\t\t\t<div class=\"elementor-image-gallery\">\n\t\t\t\t\t<\/div>\n\t\t\t\t\t\t<\/div>\n\t\t\t\t<\/div>\n\t\t\t\t<div class=\"elementor-element elementor-element-f04f00f elementor-widget elementor-widget-spacer\" data-id=\"f04f00f\" data-element_type=\"widget\" data-widget_type=\"spacer.default\">\n\t\t\t\t<div class=\"elementor-widget-container\">\n\t\t\t\t\t\t\t<div class=\"elementor-spacer\">\n\t\t\t<div class=\"elementor-spacer-inner\"><\/div>\n\t\t<\/div>\n\t\t\t\t\t\t<\/div>\n\t\t\t\t<\/div>\n\t\t\t\t\t<\/div>\n\t\t<\/div>\n\t\t\t\t\t<\/div>\n\t\t<\/section>\n\t\t\t\t<\/div>\n\t\t","protected":false},"excerpt":{"rendered":"<p>\u00dcBER LION FIRE SAFETY Warum LION SAFE w\u00e4hlen? LION FIRE SAFETY IS POWERED BY KMA GROUP B.V. Alle unsere Produkte sind gepr\u00fcft und zertifiziert (z. B. FAR 25.853) Seit 2017 im Brandschutz t\u00e4tig Produktentwicklung und -optimierung in eigener Produktion Schnelle Lieferung Was machen wir? Unsere Aktivit\u00e4ten im Bereich Brandschutz begannen mit der Entwicklung eines speziellen [&hellip;]<\/p>\n","protected":false},"author":1,"featured_media":0,"parent":0,"menu_order":0,"comment_status":"closed","ping_status":"closed","template":"","meta":{"_acf_changed":false,"_exactmetrics_skip_tracking":false,"_exactmetrics_sitenote_active":false,"_exactmetrics_sitenote_note":"","_exactmetrics_sitenote_category":0,"footnotes":""},"class_list":["post-1666","page","type-page","status-publish","hentry"],"acf":[],"yoast_head":"<!-- This site is optimized with the Yoast SEO plugin v26.2 - https:\/\/yoast.com\/wordpress\/plugins\/seo\/ -->\n<title>\u00dcber KMA - Lion Fire Safety<\/title>\n<meta name=\"description\" content=\"Die KMA Group entwickelt Produkte, die den besten Schutz f\u00fcr Menschen, G\u00fcter und Umwelt bieten. Dies reicht von feuerfesten T\u00fcren f\u00fcr die Luftfahrt bis hin zu Taschen f\u00fcr Nachtsichtger\u00e4te im Verteidigungsbereich. Was alle unsere Produkte gemeinsam haben, ist, dass sie unter allen Umst\u00e4nden optimalen Schutz bieten. Das ist unsere Leidenschaft und unsere Spezialit\u00e4t. Wir machen das seit 1866.\" \/>\n<meta name=\"robots\" content=\"index, follow, max-snippet:-1, max-image-preview:large, max-video-preview:-1\" \/>\n<link rel=\"canonical\" href=\"https:\/\/www.lion-firesafety.com\/over-ons\/\" \/>\n<meta property=\"og:locale\" content=\"de_DE\" \/>\n<meta property=\"og:type\" content=\"article\" \/>\n<meta property=\"og:title\" content=\"\u00dcber KMA - Lion Fire Safety\" \/>\n<meta property=\"og:description\" content=\"Die KMA Group entwickelt Produkte, die den besten Schutz f\u00fcr Menschen, G\u00fcter und Umwelt bieten. Dies reicht von feuerfesten T\u00fcren f\u00fcr die Luftfahrt bis hin zu Taschen f\u00fcr Nachtsichtger\u00e4te im Verteidigungsbereich. Was alle unsere Produkte gemeinsam haben, ist, dass sie unter allen Umst\u00e4nden optimalen Schutz bieten. Das ist unsere Leidenschaft und unsere Spezialit\u00e4t. Wir machen das seit 1866.\" \/>\n<meta property=\"og:url\" content=\"https:\/\/www.lion-firesafety.com\/over-ons\/\" \/>\n<meta property=\"og:site_name\" content=\"Lion Fire Safety\" \/>\n<meta property=\"article:modified_time\" content=\"2024-03-27T14:58:07+00:00\" \/>\n<meta property=\"og:image\" content=\"https:\/\/www.lion-firesafety.com\/wp-content\/uploads\/2024\/01\/MG_1482--scaled.jpg\" \/>\n<meta name=\"twitter:label1\" content=\"Gesch\u00e4tzte Lesezeit\" \/>\n\t<meta name=\"twitter:data1\" content=\"2\u00a0Minuten\" \/>\n<script type=\"application\/ld+json\" class=\"yoast-schema-graph\">{\"@context\":\"https:\/\/schema.org\",\"@graph\":[{\"@type\":\"WebPage\",\"@id\":\"https:\/\/www.lion-firesafety.com\/over-ons\/\",\"url\":\"https:\/\/www.lion-firesafety.com\/over-ons\/\",\"name\":\"\u00dcber KMA - Lion Fire Safety\",\"isPartOf\":{\"@id\":\"https:\/\/www.lion-firesafety.com\/#website\"},\"primaryImageOfPage\":{\"@id\":\"https:\/\/www.lion-firesafety.com\/over-ons\/#primaryimage\"},\"image\":{\"@id\":\"https:\/\/www.lion-firesafety.com\/over-ons\/#primaryimage\"},\"thumbnailUrl\":\"https:\/\/www.lion-firesafety.com\/wp-content\/uploads\/2024\/01\/MG_1482--scaled.jpg\",\"datePublished\":\"2022-04-25T10:30:37+00:00\",\"dateModified\":\"2024-03-27T14:58:07+00:00\",\"description\":\"Die KMA Group entwickelt Produkte, die den besten Schutz f\u00fcr Menschen, G\u00fcter und Umwelt bieten. Dies reicht von feuerfesten T\u00fcren f\u00fcr die Luftfahrt bis hin zu Taschen f\u00fcr Nachtsichtger\u00e4te im Verteidigungsbereich. Was alle unsere Produkte gemeinsam haben, ist, dass sie unter allen Umst\u00e4nden optimalen Schutz bieten. Das ist unsere Leidenschaft und unsere Spezialit\u00e4t. Wir machen das seit 1866.\",\"breadcrumb\":{\"@id\":\"https:\/\/www.lion-firesafety.com\/over-ons\/#breadcrumb\"},\"inLanguage\":\"de\",\"potentialAction\":[{\"@type\":\"ReadAction\",\"target\":[\"https:\/\/www.lion-firesafety.com\/over-ons\/\"]}]},{\"@type\":\"ImageObject\",\"inLanguage\":\"de\",\"@id\":\"https:\/\/www.lion-firesafety.com\/over-ons\/#primaryimage\",\"url\":\"https:\/\/www.lion-firesafety.com\/wp-content\/uploads\/2024\/01\/MG_1482--scaled.jpg\",\"contentUrl\":\"https:\/\/www.lion-firesafety.com\/wp-content\/uploads\/2024\/01\/MG_1482--scaled.jpg\"},{\"@type\":\"BreadcrumbList\",\"@id\":\"https:\/\/www.lion-firesafety.com\/over-ons\/#breadcrumb\",\"itemListElement\":[{\"@type\":\"ListItem\",\"position\":1,\"name\":\"Home\",\"item\":\"https:\/\/www.lion-firesafety.com\/de\/\"},{\"@type\":\"ListItem\",\"position\":2,\"name\":\"\u00dcber KMA\"}]},{\"@type\":\"WebSite\",\"@id\":\"https:\/\/www.lion-firesafety.com\/#website\",\"url\":\"https:\/\/www.lion-firesafety.com\/\",\"name\":\"Lion Fire Safety\",\"description\":\"Brandveiligheid van topkwaliteit\",\"publisher\":{\"@id\":\"https:\/\/www.lion-firesafety.com\/#organization\"},\"potentialAction\":[{\"@type\":\"SearchAction\",\"target\":{\"@type\":\"EntryPoint\",\"urlTemplate\":\"https:\/\/www.lion-firesafety.com\/?s={search_term_string}\"},\"query-input\":{\"@type\":\"PropertyValueSpecification\",\"valueRequired\":true,\"valueName\":\"search_term_string\"}}],\"inLanguage\":\"de\"},{\"@type\":\"Organization\",\"@id\":\"https:\/\/www.lion-firesafety.com\/#organization\",\"name\":\"Lion Fire Safety\",\"url\":\"https:\/\/www.lion-firesafety.com\/\",\"logo\":{\"@type\":\"ImageObject\",\"inLanguage\":\"de\",\"@id\":\"https:\/\/www.lion-firesafety.com\/#\/schema\/logo\/image\/\",\"url\":\"\",\"contentUrl\":\"\",\"caption\":\"Lion Fire Safety\"},\"image\":{\"@id\":\"https:\/\/www.lion-firesafety.com\/#\/schema\/logo\/image\/\"}}]}<\/script>\n<!-- \/ Yoast SEO plugin. -->","yoast_head_json":{"title":"\u00dcber KMA - Lion Fire Safety","description":"Die KMA Group entwickelt Produkte, die den besten Schutz f\u00fcr Menschen, G\u00fcter und Umwelt bieten. Dies reicht von feuerfesten T\u00fcren f\u00fcr die Luftfahrt bis hin zu Taschen f\u00fcr Nachtsichtger\u00e4te im Verteidigungsbereich. Was alle unsere Produkte gemeinsam haben, ist, dass sie unter allen Umst\u00e4nden optimalen Schutz bieten. Das ist unsere Leidenschaft und unsere Spezialit\u00e4t. Wir machen das seit 1866.","robots":{"index":"index","follow":"follow","max-snippet":"max-snippet:-1","max-image-preview":"max-image-preview:large","max-video-preview":"max-video-preview:-1"},"canonical":"https:\/\/www.lion-firesafety.com\/over-ons\/","og_locale":"de_DE","og_type":"article","og_title":"\u00dcber KMA - Lion Fire Safety","og_description":"Die KMA Group entwickelt Produkte, die den besten Schutz f\u00fcr Menschen, G\u00fcter und Umwelt bieten. Dies reicht von feuerfesten T\u00fcren f\u00fcr die Luftfahrt bis hin zu Taschen f\u00fcr Nachtsichtger\u00e4te im Verteidigungsbereich. Was alle unsere Produkte gemeinsam haben, ist, dass sie unter allen Umst\u00e4nden optimalen Schutz bieten. Das ist unsere Leidenschaft und unsere Spezialit\u00e4t. Wir machen das seit 1866.","og_url":"https:\/\/www.lion-firesafety.com\/over-ons\/","og_site_name":"Lion Fire Safety","article_modified_time":"2024-03-27T14:58:07+00:00","og_image":[{"url":"https:\/\/www.lion-firesafety.com\/wp-content\/uploads\/2024\/01\/MG_1482--scaled.jpg","type":"","width":"","height":""}],"twitter_misc":{"Gesch\u00e4tzte Lesezeit":"2\u00a0Minuten"},"schema":{"@context":"https:\/\/schema.org","@graph":[{"@type":"WebPage","@id":"https:\/\/www.lion-firesafety.com\/over-ons\/","url":"https:\/\/www.lion-firesafety.com\/over-ons\/","name":"\u00dcber KMA - Lion Fire Safety","isPartOf":{"@id":"https:\/\/www.lion-firesafety.com\/#website"},"primaryImageOfPage":{"@id":"https:\/\/www.lion-firesafety.com\/over-ons\/#primaryimage"},"image":{"@id":"https:\/\/www.lion-firesafety.com\/over-ons\/#primaryimage"},"thumbnailUrl":"https:\/\/www.lion-firesafety.com\/wp-content\/uploads\/2024\/01\/MG_1482--scaled.jpg","datePublished":"2022-04-25T10:30:37+00:00","dateModified":"2024-03-27T14:58:07+00:00","description":"Die KMA Group entwickelt Produkte, die den besten Schutz f\u00fcr Menschen, G\u00fcter und Umwelt bieten. Dies reicht von feuerfesten T\u00fcren f\u00fcr die Luftfahrt bis hin zu Taschen f\u00fcr Nachtsichtger\u00e4te im Verteidigungsbereich. Was alle unsere Produkte gemeinsam haben, ist, dass sie unter allen Umst\u00e4nden optimalen Schutz bieten. Das ist unsere Leidenschaft und unsere Spezialit\u00e4t. Wir machen das seit 1866.","breadcrumb":{"@id":"https:\/\/www.lion-firesafety.com\/over-ons\/#breadcrumb"},"inLanguage":"de","potentialAction":[{"@type":"ReadAction","target":["https:\/\/www.lion-firesafety.com\/over-ons\/"]}]},{"@type":"ImageObject","inLanguage":"de","@id":"https:\/\/www.lion-firesafety.com\/over-ons\/#primaryimage","url":"https:\/\/www.lion-firesafety.com\/wp-content\/uploads\/2024\/01\/MG_1482--scaled.jpg","contentUrl":"https:\/\/www.lion-firesafety.com\/wp-content\/uploads\/2024\/01\/MG_1482--scaled.jpg"},{"@type":"BreadcrumbList","@id":"https:\/\/www.lion-firesafety.com\/over-ons\/#breadcrumb","itemListElement":[{"@type":"ListItem","position":1,"name":"Home","item":"https:\/\/www.lion-firesafety.com\/de\/"},{"@type":"ListItem","position":2,"name":"\u00dcber KMA"}]},{"@type":"WebSite","@id":"https:\/\/www.lion-firesafety.com\/#website","url":"https:\/\/www.lion-firesafety.com\/","name":"Lion Fire Safety","description":"Brandveiligheid van topkwaliteit","publisher":{"@id":"https:\/\/www.lion-firesafety.com\/#organization"},"potentialAction":[{"@type":"SearchAction","target":{"@type":"EntryPoint","urlTemplate":"https:\/\/www.lion-firesafety.com\/?s={search_term_string}"},"query-input":{"@type":"PropertyValueSpecification","valueRequired":true,"valueName":"search_term_string"}}],"inLanguage":"de"},{"@type":"Organization","@id":"https:\/\/www.lion-firesafety.com\/#organization","name":"Lion Fire Safety","url":"https:\/\/www.lion-firesafety.com\/","logo":{"@type":"ImageObject","inLanguage":"de","@id":"https:\/\/www.lion-firesafety.com\/#\/schema\/logo\/image\/","url":"","contentUrl":"","caption":"Lion Fire Safety"},"image":{"@id":"https:\/\/www.lion-firesafety.com\/#\/schema\/logo\/image\/"}}]}},"_links":{"self":[{"href":"https:\/\/www.lion-firesafety.com\/de\/wp-json\/wp\/v2\/pages\/1666","targetHints":{"allow":["GET"]}}],"collection":[{"href":"https:\/\/www.lion-firesafety.com\/de\/wp-json\/wp\/v2\/pages"}],"about":[{"href":"https:\/\/www.lion-firesafety.com\/de\/wp-json\/wp\/v2\/types\/page"}],"author":[{"embeddable":true,"href":"https:\/\/www.lion-firesafety.com\/de\/wp-json\/wp\/v2\/users\/1"}],"replies":[{"embeddable":true,"href":"https:\/\/www.lion-firesafety.com\/de\/wp-json\/wp\/v2\/comments?post=1666"}],"version-history":[{"count":19,"href":"https:\/\/www.lion-firesafety.com\/de\/wp-json\/wp\/v2\/pages\/1666\/revisions"}],"predecessor-version":[{"id":3790,"href":"https:\/\/www.lion-firesafety.com\/de\/wp-json\/wp\/v2\/pages\/1666\/revisions\/3790"}],"wp:attachment":[{"href":"https:\/\/www.lion-firesafety.com\/de\/wp-json\/wp\/v2\/media?parent=1666"}],"curies":[{"name":"wp","href":"https:\/\/api.w.org\/{rel}","templated":true}]}}